{"id":982,"date":"2024-04-10T17:42:43","date_gmt":"2024-04-10T20:42:43","guid":{"rendered":"https:\/\/emmvictoria-ers.infd.edu.ar\/sitio\/?page_id=982"},"modified":"2025-09-30T19:17:26","modified_gmt":"2025-09-30T22:17:26","slug":"equipoinstitucional","status":"publish","type":"page","link":"https:\/\/emmvictoria-ers.infd.edu.ar\/sitio\/docentes\/equipoinstitucional\/","title":{"rendered":""},"content":{"rendered":"<h1 style=\"text-align: center;\"><strong>Equipo Institucional<\/strong><\/h1>\n\n\n<p class=\"has-text-align-center\"><mark style=\"background-color:rgba(0, 0, 0, 0)\" class=\"has-inline-color has-accent-color\"><strong>Proferorado de Educaci\u00f3n Musical<\/strong><\/mark><\/p>\n\n\n\n<hr class=\"wp-block-separator has-alpha-channel-opacity\"\/>\n\n\n<p style=\"text-align: center;\"><em><strong>SECRETARIA ACAD\u00c9MICA: Isabel Garc\u00eda\u00a0<\/strong><\/em><\/p>\n<p style=\"text-align: center;\"><strong><em>PRECEPTORA: Fabiana Cudini<\/em><\/strong><\/p>\n<p>\u00a0<\/p>\n\n\n<\/p>\n<p class=\"has-text-align-center\"><strong>BIBLIOTECARIA: Fabiana L\u00f3pez<\/strong><\/p>\n<p>\n\n\n\n<\/p>\n<p>\u00a0<\/p>\n<p>\n\n\n<p><\/p>\n\n\n<p class=\"has-text-align-center\"><strong><em>EQUIPO DOCENTE<\/em><\/strong><\/p>\n\n\n\n<figure class=\"wp-block-table aligncenter\"><table><tbody><tr><td class=\"has-text-align-center\" data-align=\"center\"><strong><img decoding=\"async\" src=\"https:\/\/emmvictoria-ers.infd.edu.ar\/sitio\/wp-content\/uploads\/2018\/06\/2_065.gif\" alt=\"Vi\u00f1eta Negra\"><\/strong> Aloisio, Mar\u00eda Magdalena<\/td><\/tr><tr><td class=\"has-text-align-center\" data-align=\"center\"><strong><img decoding=\"async\" src=\"https:\/\/emmvictoria-ers.infd.edu.ar\/sitio\/wp-content\/uploads\/2018\/06\/2_065.gif\" alt=\"Vi\u00f1eta Negra\"><\/strong> Andino, Ver\u00f3nica<\/td><\/tr><tr><td class=\"has-text-align-center\" data-align=\"center\"><strong><img decoding=\"async\" src=\"https:\/\/emmvictoria-ers.infd.edu.ar\/sitio\/wp-content\/uploads\/2018\/06\/2_065.gif\" alt=\"Vi\u00f1eta Negra\"><\/strong> Azpeit\u00eda, Mar\u00eda Eugenia<\/td><\/tr><tr><td class=\"has-text-align-center\" data-align=\"center\"><strong><img decoding=\"async\" src=\"https:\/\/emmvictoria-ers.infd.edu.ar\/sitio\/wp-content\/uploads\/2018\/06\/2_065.gif\" alt=\"Vi\u00f1eta Negra\"><\/strong> Bouilly, Mar\u00eda Eugenia<\/td><\/tr><tr><td class=\"has-text-align-center\" data-align=\"center\"><strong><img decoding=\"async\" src=\"https:\/\/emmvictoria-ers.infd.edu.ar\/sitio\/wp-content\/uploads\/2018\/06\/2_065.gif\" alt=\"Vi\u00f1eta Negra\"><\/strong> Cabanna, I. Carolina<\/td><\/tr><tr><td class=\"has-text-align-center\" data-align=\"center\"><strong><img decoding=\"async\" src=\"https:\/\/emmvictoria-ers.infd.edu.ar\/sitio\/wp-content\/uploads\/2018\/06\/2_065.gif\" alt=\"Vi\u00f1eta Negra\"><\/strong> Caminos, Mar\u00eda Cecilia<\/td><\/tr><tr><td class=\"has-text-align-center\" data-align=\"center\"><strong><img decoding=\"async\" src=\"https:\/\/emmvictoria-ers.infd.edu.ar\/sitio\/wp-content\/uploads\/2018\/06\/2_065.gif\" alt=\"Vi\u00f1eta Negra\"><\/strong> D\u2019Angelo, Fabi\u00e1n<\/td><\/tr><tr><td class=\"has-text-align-center\" data-align=\"center\"><strong><img decoding=\"async\" src=\"https:\/\/emmvictoria-ers.infd.edu.ar\/sitio\/wp-content\/uploads\/2018\/06\/2_065.gif\" alt=\"Vi\u00f1eta Negra\"><\/strong> Garc\u00eda, Mar\u00eda Soledad<\/td><\/tr><tr><td class=\"has-text-align-center\" data-align=\"center\"><strong><img decoding=\"async\" src=\"https:\/\/emmvictoria-ers.infd.edu.ar\/sitio\/wp-content\/uploads\/2018\/06\/2_065.gif\" alt=\"Vi\u00f1eta Negra\"><\/strong> Gastal, M. Pamela<\/td><\/tr><tr><td class=\"has-text-align-center\" data-align=\"center\"><strong><img decoding=\"async\" src=\"https:\/\/emmvictoria-ers.infd.edu.ar\/sitio\/wp-content\/uploads\/2018\/06\/2_065.gif\" alt=\"Vi\u00f1eta Negra\"><\/strong> Gentile, Mar\u00eda del Sol<\/td><\/tr><tr><td class=\"has-text-align-center\" data-align=\"center\"><strong><img decoding=\"async\" src=\"https:\/\/emmvictoria-ers.infd.edu.ar\/sitio\/wp-content\/uploads\/2018\/06\/2_065.gif\" alt=\"Vi\u00f1eta Negra\"><\/strong>&nbsp; G\u00f3mez Irma Elisabet<\/td><\/tr><tr><td class=\"has-text-align-center\" data-align=\"center\"><strong><img decoding=\"async\" src=\"https:\/\/emmvictoria-ers.infd.edu.ar\/sitio\/wp-content\/uploads\/2018\/06\/2_065.gif\" alt=\"Vi\u00f1eta Negra\"><\/strong>&nbsp; Helmer, Mar\u00eda Laura<\/td><\/tr><tr><td class=\"has-text-align-center\" data-align=\"center\"><strong><img decoding=\"async\" src=\"https:\/\/emmvictoria-ers.infd.edu.ar\/sitio\/wp-content\/uploads\/2018\/06\/2_065.gif\" alt=\"Vi\u00f1eta Negra\"><\/strong>&nbsp; L\u00f3pez, Dardo<\/td><\/tr><tr><td class=\"has-text-align-center\" data-align=\"center\"><strong><img decoding=\"async\" src=\"https:\/\/emmvictoria-ers.infd.edu.ar\/sitio\/wp-content\/uploads\/2018\/06\/2_065.gif\" alt=\"Vi\u00f1eta Negra\"><\/strong>&nbsp; Mart\u00ednez, Diamela<\/td><\/tr><tr><td class=\"has-text-align-center\" data-align=\"center\"><strong><img decoding=\"async\" src=\"https:\/\/emmvictoria-ers.infd.edu.ar\/sitio\/wp-content\/uploads\/2018\/06\/2_065.gif\" alt=\"Vi\u00f1eta Negra\"><\/strong>&nbsp; Meoniz, Bruno<\/td><\/tr><tr><td class=\"has-text-align-center\" data-align=\"center\"><strong><img decoding=\"async\" src=\"https:\/\/emmvictoria-ers.infd.edu.ar\/sitio\/wp-content\/uploads\/2018\/06\/2_065.gif\" alt=\"Vi\u00f1eta Negra\"><\/strong> Ochoteco, Marcela<\/td><\/tr><tr><td class=\"has-text-align-center\" data-align=\"center\"><strong><img decoding=\"async\" src=\"https:\/\/emmvictoria-ers.infd.edu.ar\/sitio\/wp-content\/uploads\/2018\/06\/2_065.gif\" alt=\"Vi\u00f1eta Negra\"><\/strong> Osuna, \u00c1ngel<\/td><\/tr><tr><td class=\"has-text-align-center\" data-align=\"center\"><strong><img decoding=\"async\" src=\"https:\/\/emmvictoria-ers.infd.edu.ar\/sitio\/wp-content\/uploads\/2018\/06\/2_065.gif\" alt=\"Vi\u00f1eta Negra\"><\/strong> Pello, Emiliano<\/td><\/tr><tr><td class=\"has-text-align-center\" data-align=\"center\"><strong><img decoding=\"async\" src=\"https:\/\/emmvictoria-ers.infd.edu.ar\/sitio\/wp-content\/uploads\/2018\/06\/2_065.gif\" alt=\"Vi\u00f1eta Negra\"><\/strong> P\u00e9rez Mar\u00eda Luisa<\/td><\/tr><tr><td class=\"has-text-align-center\" data-align=\"center\"><strong><img decoding=\"async\" src=\"https:\/\/emmvictoria-ers.infd.edu.ar\/sitio\/wp-content\/uploads\/2018\/06\/2_065.gif\" alt=\"Vi\u00f1eta Negra\"><\/strong> Plunkett, Paula<\/td><\/tr><tr><td class=\"has-text-align-center\" data-align=\"center\"><strong><img decoding=\"async\" src=\"https:\/\/emmvictoria-ers.infd.edu.ar\/sitio\/wp-content\/uploads\/2018\/06\/2_065.gif\" alt=\"Vi\u00f1eta Negra\"><\/strong> Rebossio, Juana<\/td><\/tr><tr><td class=\"has-text-align-center\" data-align=\"center\"><strong><img decoding=\"async\" src=\"https:\/\/emmvictoria-ers.infd.edu.ar\/sitio\/wp-content\/uploads\/2018\/06\/2_065.gif\" alt=\"Vi\u00f1eta Negra\"><\/strong> Romero, Anal\u00eda Delfina<\/td><\/tr><tr><td class=\"has-text-align-center\" data-align=\"center\"><strong><img decoding=\"async\" src=\"https:\/\/emmvictoria-ers.infd.edu.ar\/sitio\/wp-content\/uploads\/2018\/06\/2_065.gif\" alt=\"Vi\u00f1eta Negra\"><\/strong> S\u00e1nchez, Pedro<\/td><\/tr><tr><td class=\"has-text-align-center\" data-align=\"center\"><strong><img decoding=\"async\" src=\"https:\/\/emmvictoria-ers.infd.edu.ar\/sitio\/wp-content\/uploads\/2018\/06\/2_065.gif\" alt=\"Vi\u00f1eta Negra\"><\/strong> Sanzberro, Mar\u00eda Fernanda<\/td><\/tr><tr><td class=\"has-text-align-center\" data-align=\"center\"><strong><img decoding=\"async\" src=\"https:\/\/emmvictoria-ers.infd.edu.ar\/sitio\/wp-content\/uploads\/2018\/06\/2_065.gif\" alt=\"Vi\u00f1eta Negra\"><\/strong> Schulthess, Germ\u00e1n<\/td><\/tr><tr><td class=\"has-text-align-center\" data-align=\"center\"><strong><img decoding=\"async\" src=\"https:\/\/emmvictoria-ers.infd.edu.ar\/sitio\/wp-content\/uploads\/2018\/06\/2_065.gif\" alt=\"Vi\u00f1eta Negra\"><\/strong> Tejeira, Ceferino<\/td><\/tr><tr><td class=\"has-text-align-center\" data-align=\"center\"><strong><img decoding=\"async\" src=\"https:\/\/emmvictoria-ers.infd.edu.ar\/sitio\/wp-content\/uploads\/2018\/06\/2_065.gif\" alt=\"Vi\u00f1eta Negra\"><\/strong> Turcato Lucrecia<\/td><\/tr><\/tbody><\/table><\/figure>\n","protected":false},"excerpt":{"rendered":"<p>Equipo Institucional Proferorado de Educaci\u00f3n Musical SECRETARIA ACAD\u00c9MICA: Isabel Garc\u00eda\u00a0 PRECEPTORA: Fabiana Cudini \u00a0 BIBLIOTECARIA: Fabiana L\u00f3pez \u00a0 EQUIPO DOCENTE Aloisio, Mar\u00eda Magdalena Andino, Ver\u00f3nica Azpeit\u00eda, Mar\u00eda Eugenia Bouilly, Mar\u00eda Eugenia Cabanna, I. Carolina Caminos, Mar\u00eda Cecilia D\u2019Angelo, Fabi\u00e1n Garc\u00eda, Mar\u00eda Soledad Gastal, M. Pamela Gentile, Mar\u00eda del Sol &nbsp; G\u00f3mez Irma Elisabet &nbsp; Helmer, &#8230; <a title=\"\" class=\"read-more\" href=\"https:\/\/emmvictoria-ers.infd.edu.ar\/sitio\/docentes\/equipoinstitucional\/\" aria-label=\"More on \">[+]<\/a><\/p>\n","protected":false},"author":579,"featured_media":0,"parent":804,"menu_order":0,"comment_status":"closed","ping_status":"closed","template":"","meta":[],"acf":[],"_links":{"self":[{"href":"https:\/\/emmvictoria-ers.infd.edu.ar\/sitio\/wp-json\/wp\/v2\/pages\/982"}],"collection":[{"href":"https:\/\/emmvictoria-ers.infd.edu.ar\/sitio\/wp-json\/wp\/v2\/pages"}],"about":[{"href":"https:\/\/emmvictoria-ers.infd.edu.ar\/sitio\/wp-json\/wp\/v2\/types\/page"}],"author":[{"embeddable":true,"href":"https:\/\/emmvictoria-ers.infd.edu.ar\/sitio\/wp-json\/wp\/v2\/users\/579"}],"replies":[{"embeddable":true,"href":"https:\/\/emmvictoria-ers.infd.edu.ar\/sitio\/wp-json\/wp\/v2\/comments?post=982"}],"version-history":[{"count":7,"href":"https:\/\/emmvictoria-ers.infd.edu.ar\/sitio\/wp-json\/wp\/v2\/pages\/982\/revisions"}],"predecessor-version":[{"id":1086,"href":"https:\/\/emmvictoria-ers.infd.edu.ar\/sitio\/wp-json\/wp\/v2\/pages\/982\/revisions\/1086"}],"up":[{"embeddable":true,"href":"https:\/\/emmvictoria-ers.infd.edu.ar\/sitio\/wp-json\/wp\/v2\/pages\/804"}],"wp:attachment":[{"href":"https:\/\/emmvictoria-ers.infd.edu.ar\/sitio\/wp-json\/wp\/v2\/media?parent=982"}],"curies":[{"name":"wp","href":"https:\/\/api.w.org\/{rel}","templated":true}]}}