{"id":996,"date":"2024-04-18T18:30:18","date_gmt":"2024-04-18T21:30:18","guid":{"rendered":"https:\/\/emmvictoria-ers.infd.edu.ar\/sitio\/?page_id=996"},"modified":"2024-04-25T16:52:57","modified_gmt":"2024-04-25T19:52:57","slug":"correlatividades-plan-2017","status":"publish","type":"page","link":"https:\/\/emmvictoria-ers.infd.edu.ar\/sitio\/correlatividades-plan-2017\/","title":{"rendered":"Correlatividades Plan 2017"},"content":{"rendered":"\n<p>Resolucion 4581\/17 CGE &#8211; ANEXO<\/p>\n\n\n\n<div class=\"wp-block-group is-layout-constrained\"><div class=\"wp-block-group__inner-container\">\n<figure class=\"wp-block-table\"><table><tbody><tr><td class=\"has-text-align-center\" data-align=\"center\" colspan=\"2\"><strong><mark style=\"background-color:rgba(34,153, 84, 0)\" class=\"has-inline-color has-accent-color\">SEGUNDO A\u00d1O<\/mark><\/strong><\/td><\/tr><tr><td class=\"has-text-align-center\" data-align=\"center\"><strong>UNIDAD CURRICULAR<\/strong><\/td><td class=\"has-text-align-center\" data-align=\"center\"><strong>CORRELATIVAS<\/strong><\/td><\/tr><tr><td class=\"has-text-align-center\" data-align=\"center\"><strong>Did\u00e1ctica General<\/strong><\/td><td class=\"has-text-align-center\" data-align=\"center\">Pedagog\u00eda<br>Psicolog\u00eda Institucional<\/td><\/tr><tr><td class=\"has-text-align-center\" data-align=\"center\"><strong>Lenguaje Musical II<\/strong><\/td><td class=\"has-text-align-center\" data-align=\"center\">Lenguaje Musical I<\/td><\/tr><tr><td class=\"has-text-align-center\" data-align=\"center\"><strong>Instrumentos II<\/strong><\/td><td class=\"has-text-align-center\" data-align=\"center\">Instrumentos I<\/td><\/tr><tr><td class=\"has-text-align-center\" data-align=\"center\"><strong>Conjunto Vocal\/Instrumental<\/strong><\/td><td class=\"has-text-align-center\" data-align=\"center\">Canto Colectivo<\/td><\/tr><tr><td class=\"has-text-align-center\" data-align=\"center\"><strong>Historia Social de la M\u00fasica II<\/strong><\/td><td class=\"has-text-align-center\" data-align=\"center\">Historia Social de la M\u00fasica I<\/td><\/tr><tr><td class=\"has-text-align-center\" data-align=\"center\"><strong>Did\u00e1ctica de la M\u00fasica I<\/strong><\/td><td class=\"has-text-align-center\" data-align=\"center\">Pedagog\u00eda <br>Sujetos de la Educaci\u00f3n<\/td><\/tr><tr><td class=\"has-text-align-center\" data-align=\"center\"><strong>Pr\u00e1ctica Docente II<\/strong><\/td><td class=\"has-text-align-center\" data-align=\"center\">Pr\u00e1ctica Docente I <br>Lenguaje Musical I<br>Pedagog\u00eda <br>Psicolog\u00eda Institucional<br>Sujetos de la Educaci\u00f3n <br>Oralidad, Lectura, Escritura y TIC<\/td><\/tr><tr><td class=\"has-text-align-center\" data-align=\"center\" colspan=\"2\"><strong><mark style=\"background-color:rgba(0, 0, 0, 0)\" class=\"has-inline-color has-accent-color\">TERCER A\u00d1O<\/mark><\/strong><\/td><\/tr><tr><td class=\"has-text-align-center\" data-align=\"center\"><strong>UNIDAD CURRICULAR<\/strong><\/td><td class=\"has-text-align-center\" data-align=\"center\"><strong>CORRELATIVAS<\/strong><\/td><\/tr><tr><td class=\"has-text-align-center\" data-align=\"center\"><strong>Historia y Pol\u00edtica de la Educaci\u00f3n Argentina<\/strong><\/td><td class=\"has-text-align-center\" data-align=\"center\">Historia Social y Pol\u00edtica Argentina y Latinoamericana<\/td><\/tr><tr><td class=\"has-text-align-center\" data-align=\"center\"><strong>Sociolog\u00eda de la Educaci\u00f3n<\/strong><\/td><td class=\"has-text-align-center\" data-align=\"center\">Pedagog\u00eda<\/td><\/tr><tr><td class=\"has-text-align-center\" data-align=\"center\"><strong>An\u00e1lisis y Organizaci\u00f3n de las Instituciones Educativas<\/strong><\/td><td class=\"has-text-align-center\" data-align=\"center\">Pedagog\u00eda <br>PracticasDocentes II<\/td><\/tr><tr><td class=\"has-text-align-center\" data-align=\"center\"><strong>Lenguaje Musical III<\/strong><\/td><td class=\"has-text-align-center\" data-align=\"center\">Lenguaje Musical II<\/td><\/tr><tr><td class=\"has-text-align-center\" data-align=\"center\"><strong>Instrumentos III<\/strong><\/td><td class=\"has-text-align-center\" data-align=\"center\">Instrumentos II<\/td><\/tr><tr><td class=\"has-text-align-center\" data-align=\"center\"><strong>Direcci\u00f3n de Conjunto Vocal\/Instrumental<\/strong><\/td><td class=\"has-text-align-center\" data-align=\"center\">Corporeidad, Juego y Lenguajes Art\u00edsticos<br>Conjunto Vocal\/Instrumental<\/td><\/tr><tr><td class=\"has-text-align-center\" data-align=\"center\"><strong>Historia y Repertorio de la M\u00fasica Popular Argentina y Latinoamericana<\/strong><\/td><td class=\"has-text-align-center\" data-align=\"center\">Historia Social de la M\u00fasica II<\/td><\/tr><tr><td class=\"has-text-align-center\" data-align=\"center\"><strong>Producci\u00f3n Musical con Medios Digitales<\/strong><\/td><td class=\"has-text-align-center\" data-align=\"center\">Oralidad, Lectura, Escritura y TIC<br>Lenguaje Musical II<\/td><\/tr><tr><td class=\"has-text-align-center\" data-align=\"center\"><strong>Did\u00e1ctica de la M\u00fasica II<\/strong><\/td><td class=\"has-text-align-center\" data-align=\"center\">Did\u00e1ctica de la M\u00fasica I <br>Did\u00e1ctica General<\/td><\/tr><tr><td class=\"has-text-align-center\" data-align=\"center\"><strong>Pr\u00e1ctica Docente III<\/strong><\/td><td class=\"has-text-align-center\" data-align=\"center\">Pr\u00e1cticas Docentes II <br>Did\u00e1ctica General <br>Lenguaje Musical II<br>Instrumentos II<br>Conjunto Vocal\/Instrumental<br>Historia Social de la M\u00fasica II<br>Did\u00e1ctica de la M\u00fasica I<br>Oralidad, Lectura, Escritura y TIC<\/td><\/tr><tr><td class=\"has-text-align-center\" data-align=\"center\" colspan=\"2\"><strong><mark style=\"background-color:rgba(0, 0, 0, 0)\" class=\"has-inline-color has-accent-color\">CUARTO A\u00d1O<\/mark><\/strong><\/td><\/tr><tr><td class=\"has-text-align-center\" data-align=\"center\"><strong>UNIDAD CURRICULAR<\/strong><\/td><td class=\"has-text-align-center\" data-align=\"center\"><strong>CORRELATIVAS<\/strong><\/td><\/tr><tr><td class=\"has-text-align-center\" data-align=\"center\"><strong>Educaci\u00f3n Sexual Integral<\/strong><\/td><td class=\"has-text-align-center\" data-align=\"center\">Sujeto de la Educaci\u00f3n<\/td><\/tr><tr><td class=\"has-text-align-center\" data-align=\"center\"><strong>Derechos Humanos: \u00c9tica y Ciudadan\u00eda<\/strong><\/td><td class=\"has-text-align-center\" data-align=\"center\">Filosof\u00eda <br>Historia Social y Pol\u00edtica Argentina y Latinoamericana <br>Sociolog\u00eda de la Educaci\u00f3n<\/td><\/tr><tr><td class=\"has-text-align-center\" data-align=\"center\"><strong>Lenguaje Musical IV<\/strong><\/td><td class=\"has-text-align-center\" data-align=\"center\">Lenguaje Musical III<\/td><\/tr><tr><td class=\"has-text-align-center\" data-align=\"center\"><strong>Instrumentos IV<\/strong><\/td><td class=\"has-text-align-center\" data-align=\"center\">Instrumentos III<\/td><\/tr><tr><td class=\"has-text-align-center\" data-align=\"center\"><strong>Est\u00e9tica y Criticas de la M\u00fasica<\/strong><\/td><td class=\"has-text-align-center\" data-align=\"center\">Historia y Repertorio de la M\u00fasica Popular Argentina y Latinoamericana<br>Lenguaje Musical III<\/td><\/tr><tr><td class=\"has-text-align-center\" data-align=\"center\"><strong>Puesta en Escena<\/strong><\/td><td class=\"has-text-align-center\" data-align=\"center\">Lenguaje Musical III <br>Instrumentos III &nbsp;<br>Direcci\u00f3n de Conjunto Vocal\/Instrumental <br>Producci\u00f3n Musical con Medios Digitales<\/td><\/tr><tr><td class=\"has-text-align-center\" data-align=\"center\"><strong>Pr\u00e1cticas Docentes IV<\/strong><\/td><td class=\"has-text-align-center\" data-align=\"center\">Historia y Pol\u00edtica de la Educaci\u00f3n Argentina <br>Sociolog\u00eda de la Educaci\u00f3n <br>An\u00e1lisis y Organizaci\u00f3n de las Instituciones Educativas <br>Lenguaje Musical III <br>Instrumentos III &nbsp;<br>Direcci\u00f3n de Conjunto Vocal\/Instrumental <br>Historia y Repertorio de la M\u00fasica Popular Argentina y Latinoamericana <br>Did\u00e1ctica de la M\u00fasica II <br>Producci\u00f3n Musical con Medios Digitales <br>Pr\u00e1cticas Docentes III<\/td><\/tr><\/tbody><\/table><\/figure>\n<\/div><\/div>\n","protected":false},"excerpt":{"rendered":"<p>Resolucion 4581\/17 CGE &#8211; ANEXO SEGUNDO A\u00d1O UNIDAD CURRICULAR CORRELATIVAS Did\u00e1ctica General Pedagog\u00edaPsicolog\u00eda Institucional Lenguaje Musical II Lenguaje Musical I Instrumentos II Instrumentos I Conjunto Vocal\/Instrumental Canto Colectivo Historia Social de la M\u00fasica II Historia Social de la M\u00fasica I Did\u00e1ctica de la M\u00fasica I Pedagog\u00eda Sujetos de la Educaci\u00f3n Pr\u00e1ctica Docente II Pr\u00e1ctica Docente &#8230; <a title=\"Correlatividades Plan 2017\" class=\"read-more\" href=\"https:\/\/emmvictoria-ers.infd.edu.ar\/sitio\/correlatividades-plan-2017\/\" aria-label=\"More on Correlatividades Plan 2017\">[+]<\/a><\/p>\n","protected":false},"author":579,"featured_media":0,"parent":0,"menu_order":0,"comment_status":"closed","ping_status":"closed","template":"","meta":[],"acf":[],"_links":{"self":[{"href":"https:\/\/emmvictoria-ers.infd.edu.ar\/sitio\/wp-json\/wp\/v2\/pages\/996"}],"collection":[{"href":"https:\/\/emmvictoria-ers.infd.edu.ar\/sitio\/wp-json\/wp\/v2\/pages"}],"about":[{"href":"https:\/\/emmvictoria-ers.infd.edu.ar\/sitio\/wp-json\/wp\/v2\/types\/page"}],"author":[{"embeddable":true,"href":"https:\/\/emmvictoria-ers.infd.edu.ar\/sitio\/wp-json\/wp\/v2\/users\/579"}],"replies":[{"embeddable":true,"href":"https:\/\/emmvictoria-ers.infd.edu.ar\/sitio\/wp-json\/wp\/v2\/comments?post=996"}],"version-history":[{"count":4,"href":"https:\/\/emmvictoria-ers.infd.edu.ar\/sitio\/wp-json\/wp\/v2\/pages\/996\/revisions"}],"predecessor-version":[{"id":1026,"href":"https:\/\/emmvictoria-ers.infd.edu.ar\/sitio\/wp-json\/wp\/v2\/pages\/996\/revisions\/1026"}],"wp:attachment":[{"href":"https:\/\/emmvictoria-ers.infd.edu.ar\/sitio\/wp-json\/wp\/v2\/media?parent=996"}],"curies":[{"name":"wp","href":"https:\/\/api.w.org\/{rel}","templated":true}]}}